{"id":55798,"date":"2025-04-26T14:09:07","date_gmt":"2025-04-26T14:09:07","guid":{"rendered":"https:\/\/m.euclid.int\/faculte\/"},"modified":"2026-04-18T16:55:58","modified_gmt":"2026-04-18T16:55:58","slug":"faculte","status":"publish","type":"page","link":"https:\/\/m.euclid.int\/fr\/faculte\/","title":{"rendered":"Facult\u00e9"},"content":{"rendered":"\t\t<div data-elementor-type=\"wp-page\" data-elementor-id=\"55798\" class=\"elementor elementor-55798\" data-elementor-post-type=\"page\">\n\t\t\t\t\t\t<section data-particle_enable=\"false\" data-particle-mobile-disabled=\"false\" class=\"elementor-section elementor-top-section elementor-element elementor-element-56204433 elementor-section-boxed elementor-section-height-default elementor-section-height-default\" data-id=\"56204433\" data-element_type=\"section\" data-e-type=\"section\">\n\t\t\t\t\t\t<div class=\"elementor-container elementor-column-gap-default\">\n\t\t\t\t\t<div class=\"elementor-column elementor-col-50 elementor-top-column elementor-element elementor-element-63f13c4e\" data-id=\"63f13c4e\" data-element_type=\"column\" data-e-type=\"column\">\n\t\t\t<div class=\"elementor-widget-wrap elementor-element-populated\">\n\t\t\t\t\t\t<div class=\"elementor-element elementor-element-252aa20 elementor-widget elementor-widget-image\" data-id=\"252aa20\" data-element_type=\"widget\" data-e-type=\"widget\" data-widget_type=\"image.default\">\n\t\t\t\t<div class=\"elementor-widget-container\">\n\t\t\t\t\t\t\t\t\t\t\t\t\t\t\t<img fetchpriority=\"high\" decoding=\"async\" width=\"376\" height=\"395\" src=\"https:\/\/m.euclid.int\/wp-content\/uploads\/2020\/11\/robin-with-biden-02.jpg\" class=\"attachment-large size-large wp-image-31869\" alt=\"\" srcset=\"https:\/\/m.euclid.int\/wp-content\/uploads\/2020\/11\/robin-with-biden-02.jpg 376w, https:\/\/m.euclid.int\/wp-content\/uploads\/2020\/11\/robin-with-biden-02-286x300.jpg 286w\" sizes=\"(max-width: 376px) 100vw, 376px\" \/>\t\t\t\t\t\t\t\t\t\t\t\t\t\t\t<\/div>\n\t\t\t\t<\/div>\n\t\t\t\t\t<\/div>\n\t\t<\/div>\n\t\t\t\t<div class=\"elementor-column elementor-col-50 elementor-top-column elementor-element elementor-element-377a4f0\" data-id=\"377a4f0\" data-element_type=\"column\" data-e-type=\"column\">\n\t\t\t<div class=\"elementor-widget-wrap elementor-element-populated\">\n\t\t\t\t\t\t<div class=\"elementor-element elementor-element-df6c2df elementor-widget elementor-widget-text-editor\" data-id=\"df6c2df\" data-element_type=\"widget\" data-e-type=\"widget\" data-widget_type=\"text-editor.default\">\n\t\t\t\t<div class=\"elementor-widget-container\">\n\t\t\t\t\t\t\t\t\t<h6>Photo: EUCLID&rsquo;s DSG Robin van Puyenbroeck with US President Elect Joe Biden (2016)<\/h6>\t\t\t\t\t\t\t\t<\/div>\n\t\t\t\t<\/div>\n\t\t\t\t<div class=\"elementor-element elementor-element-774a49f elementor-widget-divider--view-line elementor-widget elementor-widget-divider\" data-id=\"774a49f\" data-element_type=\"widget\" data-e-type=\"widget\" data-widget_type=\"divider.default\">\n\t\t\t\t<div class=\"elementor-widget-container\">\n\t\t\t\t\t\t\t<div class=\"elementor-divider\">\n\t\t\t<span class=\"elementor-divider-separator\">\n\t\t\t\t\t\t<\/span>\n\t\t<\/div>\n\t\t\t\t\t\t<\/div>\n\t\t\t\t<\/div>\n\t\t\t\t<div class=\"elementor-element elementor-element-3925d4d1 elementor-widget elementor-widget-text-editor\" data-id=\"3925d4d1\" data-element_type=\"widget\" data-e-type=\"widget\" data-widget_type=\"text-editor.default\">\n\t\t\t\t<div class=\"elementor-widget-container\">\n\t\t\t\t\t\t\t\t\t<p>Our faculty corps is truly global in scope and relies on courageous thinkers who fully embrace EUCLID&rsquo;s intergovernmental mission. Intellectually sharpened by rigorous yet respectful debate as well as\u00a0interdisciplinary collaboration, they form an international network that\u00a0is committed to transform human lives, one student at a time.<\/p>\t\t\t\t\t\t\t\t<\/div>\n\t\t\t\t<\/div>\n\t\t\t\t\t<\/div>\n\t\t<\/div>\n\t\t\t\t\t<\/div>\n\t\t<\/section>\n\t\t\t\t<section data-particle_enable=\"false\" data-particle-mobile-disabled=\"false\" class=\"elementor-section elementor-top-section elementor-element elementor-element-59d165d elementor-section-boxed elementor-section-height-default elementor-section-height-default\" data-id=\"59d165d\" data-element_type=\"section\" data-e-type=\"section\">\n\t\t\t\t\t\t<div class=\"elementor-container elementor-column-gap-default\">\n\t\t\t\t\t<div class=\"elementor-column elementor-col-100 elementor-top-column elementor-element elementor-element-19211f0\" data-id=\"19211f0\" data-element_type=\"column\" data-e-type=\"column\">\n\t\t\t<div class=\"elementor-widget-wrap elementor-element-populated\">\n\t\t\t\t\t\t<div class=\"elementor-element elementor-element-ed6d73c elementor-widget elementor-widget-heading\" data-id=\"ed6d73c\" data-element_type=\"widget\" data-e-type=\"widget\" data-widget_type=\"heading.default\">\n\t\t\t\t<div class=\"elementor-widget-container\">\n\t\t\t\t\t<h2 class=\"elementor-heading-title elementor-size-default\">FACULTY RESOURCES<\/h2>\t\t\t\t<\/div>\n\t\t\t\t<\/div>\n\t\t\t\t<div class=\"elementor-element elementor-element-c1e624b elementor-widget elementor-widget-text-editor\" data-id=\"c1e624b\" data-element_type=\"widget\" data-e-type=\"widget\" data-widget_type=\"text-editor.default\">\n\t\t\t\t<div class=\"elementor-widget-container\">\n\t\t\t\t\t\t\t\t\t<ul><li>The faculty handbook can be obtained from the International Faculty Coordinator<\/li><li><a href=\"http:\/\/173.0.136.149\/horde\/imp\/login.php?\">Email access<\/a> (for users of restricted @euclid.int email addresses) (please use POP3 with signature per updated memorandum)<\/li><li><a href=\"http:\/\/www.eucliduniversity.net\/login\/\">Faculty Login<\/a> to EUCLID LMS (at www.eucliduniversity.net)<\/li><li><a href=\"https:\/\/www.euclid.int\/asp\/login\/faculty.asp\">Faculty Login<\/a> to Student Administration platform (at www.euclid.int)<\/li><li><a href=\"https:\/\/m.euclid.int\/academic-standards\/\">EUCLID Academic Standards<\/a><\/li><li><a href=\"http:\/\/www.jstor.com\">JSTOR Access<\/a><\/li><li><a href=\"http:\/\/egnyte.euclid.int\">Egnyte Access<\/a><\/li><li>IT Support Form<\/li><li>EUCLID University Press (see image below for sample publication)<\/li><li><a href=\"https:\/\/m.euclid.int\/current-openings\/\">Currently Opened Position<\/a><\/li><li>Access to <a href=\"http:\/\/www.academia.edu\">Academia<\/a> (to create or update Faculty Profile)<\/li><li>Access to <a href=\"http:\/\/www.researchgate.com\">ResearchGate<\/a>\u00a0(to create or update Faculty Profile)<\/li><\/ul>\t\t\t\t\t\t\t\t<\/div>\n\t\t\t\t<\/div>\n\t\t\t\t\t<\/div>\n\t\t<\/div>\n\t\t\t\t\t<\/div>\n\t\t<\/section>\n\t\t\t\t<\/div>\n\t\t","protected":false},"excerpt":{"rendered":"<p>Photo : Robin van Puyenbroeck, DSG d&rsquo;EUCLID, avec l&rsquo;ancien pr\u00e9sident am\u00e9ricain Joe Biden (2016) Notre corps professoral est v\u00e9ritablement mondial et s&rsquo;appuie sur des penseurs courageux qui adh\u00e8rent pleinement \u00e0 la mission intergouvernementale d&rsquo;EUCLID. Aff\u00fbt\u00e9s intellectuellement par des d\u00e9bats rigoureux et respectueux, ainsi que par la collaboration interdisciplinaire, ils forment un r\u00e9seau international qui s&rsquo;engage [&hellip;]<\/p>\n","protected":false},"author":1,"featured_media":0,"parent":0,"menu_order":0,"comment_status":"closed","ping_status":"closed","template":"","meta":{"footnotes":""},"class_list":["post-55798","page","type-page","status-publish","hentry"],"yoast_head":"<!-- This site is optimized with the Yoast SEO plugin v27.5 - https:\/\/yoast.com\/product\/yoast-seo-wordpress\/ -->\n<title>Facult\u00e9 - EUCLID (Euclid University) - Official Mobile site<\/title>\n<meta name=\"robots\" content=\"index, follow, max-snippet:-1, max-image-preview:large, max-video-preview:-1\" \/>\n<link rel=\"canonical\" href=\"https:\/\/m.euclid.int\/fr\/faculte\/\" \/>\n<meta property=\"og:locale\" content=\"fr_FR\" \/>\n<meta property=\"og:type\" content=\"article\" \/>\n<meta property=\"og:title\" content=\"Facult\u00e9 - EUCLID (Euclid University) - Official Mobile site\" \/>\n<meta property=\"og:description\" content=\"Photo : Robin van Puyenbroeck, DSG d&rsquo;EUCLID, avec l&rsquo;ancien pr\u00e9sident am\u00e9ricain Joe Biden (2016) Notre corps professoral est v\u00e9ritablement mondial et s&rsquo;appuie sur des penseurs courageux qui adh\u00e8rent pleinement \u00e0 la mission intergouvernementale d&rsquo;EUCLID. Aff\u00fbt\u00e9s intellectuellement par des d\u00e9bats rigoureux et respectueux, ainsi que par la collaboration interdisciplinaire, ils forment un r\u00e9seau international qui s&rsquo;engage [&hellip;]\" \/>\n<meta property=\"og:url\" content=\"https:\/\/m.euclid.int\/fr\/faculte\/\" \/>\n<meta property=\"og:site_name\" content=\"EUCLID (Euclid University) - Official Mobile site\" \/>\n<meta property=\"article:modified_time\" content=\"2026-04-18T16:55:58+00:00\" \/>\n<meta property=\"og:image\" content=\"https:\/\/m.euclid.int\/wp-content\/uploads\/2020\/11\/robin-with-biden-02.jpg\" \/>\n\t<meta property=\"og:image:width\" content=\"376\" \/>\n\t<meta property=\"og:image:height\" content=\"395\" \/>\n\t<meta property=\"og:image:type\" content=\"image\/jpeg\" \/>\n<meta name=\"twitter:card\" content=\"summary_large_image\" \/>\n<meta name=\"twitter:label1\" content=\"Dur\u00e9e de lecture estim\u00e9e\" \/>\n\t<meta name=\"twitter:data1\" content=\"1 minute\" \/>\n<script type=\"application\/ld+json\" class=\"yoast-schema-graph\">{\"@context\":\"https:\\\/\\\/schema.org\",\"@graph\":[{\"@type\":\"WebPage\",\"@id\":\"https:\\\/\\\/m.euclid.int\\\/fr\\\/faculte\\\/\",\"url\":\"https:\\\/\\\/m.euclid.int\\\/fr\\\/faculte\\\/\",\"name\":\"Facult\u00e9 - EUCLID (Euclid University) - Official Mobile site\",\"isPartOf\":{\"@id\":\"https:\\\/\\\/m.euclid.int\\\/#website\"},\"primaryImageOfPage\":{\"@id\":\"https:\\\/\\\/m.euclid.int\\\/fr\\\/faculte\\\/#primaryimage\"},\"image\":{\"@id\":\"https:\\\/\\\/m.euclid.int\\\/fr\\\/faculte\\\/#primaryimage\"},\"thumbnailUrl\":\"https:\\\/\\\/m.euclid.int\\\/wp-content\\\/uploads\\\/2020\\\/11\\\/robin-with-biden-02.jpg\",\"datePublished\":\"2025-04-26T14:09:07+00:00\",\"dateModified\":\"2026-04-18T16:55:58+00:00\",\"breadcrumb\":{\"@id\":\"https:\\\/\\\/m.euclid.int\\\/fr\\\/faculte\\\/#breadcrumb\"},\"inLanguage\":\"fr-FR\",\"potentialAction\":[{\"@type\":\"ReadAction\",\"target\":[\"https:\\\/\\\/m.euclid.int\\\/fr\\\/faculte\\\/\"]}]},{\"@type\":\"ImageObject\",\"inLanguage\":\"fr-FR\",\"@id\":\"https:\\\/\\\/m.euclid.int\\\/fr\\\/faculte\\\/#primaryimage\",\"url\":\"https:\\\/\\\/m.euclid.int\\\/wp-content\\\/uploads\\\/2020\\\/11\\\/robin-with-biden-02.jpg\",\"contentUrl\":\"https:\\\/\\\/m.euclid.int\\\/wp-content\\\/uploads\\\/2020\\\/11\\\/robin-with-biden-02.jpg\"},{\"@type\":\"BreadcrumbList\",\"@id\":\"https:\\\/\\\/m.euclid.int\\\/fr\\\/faculte\\\/#breadcrumb\",\"itemListElement\":[{\"@type\":\"ListItem\",\"position\":1,\"name\":\"Home\",\"item\":\"https:\\\/\\\/m.euclid.int\\\/fr\\\/euclid-university-site-officiel-de-reactivite\\\/\"},{\"@type\":\"ListItem\",\"position\":2,\"name\":\"Facult\u00e9\"}]},{\"@type\":\"WebSite\",\"@id\":\"https:\\\/\\\/m.euclid.int\\\/#website\",\"url\":\"https:\\\/\\\/m.euclid.int\\\/\",\"name\":\"EUCLID (Euclid University) - Official Mobile site\",\"description\":\"An intergovernmental organization with a university mandate: Become Globalized\",\"publisher\":{\"@id\":\"https:\\\/\\\/m.euclid.int\\\/#organization\"},\"potentialAction\":[{\"@type\":\"SearchAction\",\"target\":{\"@type\":\"EntryPoint\",\"urlTemplate\":\"https:\\\/\\\/m.euclid.int\\\/?s={search_term_string}\"},\"query-input\":{\"@type\":\"PropertyValueSpecification\",\"valueRequired\":true,\"valueName\":\"search_term_string\"}}],\"inLanguage\":\"fr-FR\"},{\"@type\":\"Organization\",\"@id\":\"https:\\\/\\\/m.euclid.int\\\/#organization\",\"name\":\"EUCLID (Euclid University) - Official Mobile site\",\"url\":\"https:\\\/\\\/m.euclid.int\\\/\",\"logo\":{\"@type\":\"ImageObject\",\"inLanguage\":\"fr-FR\",\"@id\":\"https:\\\/\\\/m.euclid.int\\\/#\\\/schema\\\/logo\\\/image\\\/\",\"url\":\"https:\\\/\\\/m.euclid.int\\\/wp-content\\\/uploads\\\/2018\\\/05\\\/cropped-euclidlogo-straight-full-ondark-w500.png\",\"contentUrl\":\"https:\\\/\\\/m.euclid.int\\\/wp-content\\\/uploads\\\/2018\\\/05\\\/cropped-euclidlogo-straight-full-ondark-w500.png\",\"width\":500,\"height\":142,\"caption\":\"EUCLID (Euclid University) - Official Mobile site\"},\"image\":{\"@id\":\"https:\\\/\\\/m.euclid.int\\\/#\\\/schema\\\/logo\\\/image\\\/\"}}]}<\/script>\n<!-- \/ Yoast SEO plugin. -->","yoast_head_json":{"title":"Facult\u00e9 - EUCLID (Euclid University) - Official Mobile site","robots":{"index":"index","follow":"follow","max-snippet":"max-snippet:-1","max-image-preview":"max-image-preview:large","max-video-preview":"max-video-preview:-1"},"canonical":"https:\/\/m.euclid.int\/fr\/faculte\/","og_locale":"fr_FR","og_type":"article","og_title":"Facult\u00e9 - EUCLID (Euclid University) - Official Mobile site","og_description":"Photo : Robin van Puyenbroeck, DSG d&rsquo;EUCLID, avec l&rsquo;ancien pr\u00e9sident am\u00e9ricain Joe Biden (2016) Notre corps professoral est v\u00e9ritablement mondial et s&rsquo;appuie sur des penseurs courageux qui adh\u00e8rent pleinement \u00e0 la mission intergouvernementale d&rsquo;EUCLID. Aff\u00fbt\u00e9s intellectuellement par des d\u00e9bats rigoureux et respectueux, ainsi que par la collaboration interdisciplinaire, ils forment un r\u00e9seau international qui s&rsquo;engage [&hellip;]","og_url":"https:\/\/m.euclid.int\/fr\/faculte\/","og_site_name":"EUCLID (Euclid University) - Official Mobile site","article_modified_time":"2026-04-18T16:55:58+00:00","og_image":[{"width":376,"height":395,"url":"https:\/\/m.euclid.int\/wp-content\/uploads\/2020\/11\/robin-with-biden-02.jpg","type":"image\/jpeg"}],"twitter_card":"summary_large_image","twitter_misc":{"Dur\u00e9e de lecture estim\u00e9e":"1 minute"},"schema":{"@context":"https:\/\/schema.org","@graph":[{"@type":"WebPage","@id":"https:\/\/m.euclid.int\/fr\/faculte\/","url":"https:\/\/m.euclid.int\/fr\/faculte\/","name":"Facult\u00e9 - EUCLID (Euclid University) - Official Mobile site","isPartOf":{"@id":"https:\/\/m.euclid.int\/#website"},"primaryImageOfPage":{"@id":"https:\/\/m.euclid.int\/fr\/faculte\/#primaryimage"},"image":{"@id":"https:\/\/m.euclid.int\/fr\/faculte\/#primaryimage"},"thumbnailUrl":"https:\/\/m.euclid.int\/wp-content\/uploads\/2020\/11\/robin-with-biden-02.jpg","datePublished":"2025-04-26T14:09:07+00:00","dateModified":"2026-04-18T16:55:58+00:00","breadcrumb":{"@id":"https:\/\/m.euclid.int\/fr\/faculte\/#breadcrumb"},"inLanguage":"fr-FR","potentialAction":[{"@type":"ReadAction","target":["https:\/\/m.euclid.int\/fr\/faculte\/"]}]},{"@type":"ImageObject","inLanguage":"fr-FR","@id":"https:\/\/m.euclid.int\/fr\/faculte\/#primaryimage","url":"https:\/\/m.euclid.int\/wp-content\/uploads\/2020\/11\/robin-with-biden-02.jpg","contentUrl":"https:\/\/m.euclid.int\/wp-content\/uploads\/2020\/11\/robin-with-biden-02.jpg"},{"@type":"BreadcrumbList","@id":"https:\/\/m.euclid.int\/fr\/faculte\/#breadcrumb","itemListElement":[{"@type":"ListItem","position":1,"name":"Home","item":"https:\/\/m.euclid.int\/fr\/euclid-university-site-officiel-de-reactivite\/"},{"@type":"ListItem","position":2,"name":"Facult\u00e9"}]},{"@type":"WebSite","@id":"https:\/\/m.euclid.int\/#website","url":"https:\/\/m.euclid.int\/","name":"EUCLID (Euclid University) - Official Mobile site","description":"An intergovernmental organization with a university mandate: Become Globalized","publisher":{"@id":"https:\/\/m.euclid.int\/#organization"},"potentialAction":[{"@type":"SearchAction","target":{"@type":"EntryPoint","urlTemplate":"https:\/\/m.euclid.int\/?s={search_term_string}"},"query-input":{"@type":"PropertyValueSpecification","valueRequired":true,"valueName":"search_term_string"}}],"inLanguage":"fr-FR"},{"@type":"Organization","@id":"https:\/\/m.euclid.int\/#organization","name":"EUCLID (Euclid University) - Official Mobile site","url":"https:\/\/m.euclid.int\/","logo":{"@type":"ImageObject","inLanguage":"fr-FR","@id":"https:\/\/m.euclid.int\/#\/schema\/logo\/image\/","url":"https:\/\/m.euclid.int\/wp-content\/uploads\/2018\/05\/cropped-euclidlogo-straight-full-ondark-w500.png","contentUrl":"https:\/\/m.euclid.int\/wp-content\/uploads\/2018\/05\/cropped-euclidlogo-straight-full-ondark-w500.png","width":500,"height":142,"caption":"EUCLID (Euclid University) - Official Mobile site"},"image":{"@id":"https:\/\/m.euclid.int\/#\/schema\/logo\/image\/"}}]}},"_links":{"self":[{"href":"https:\/\/m.euclid.int\/fr\/wp-json\/wp\/v2\/pages\/55798","targetHints":{"allow":["GET"]}}],"collection":[{"href":"https:\/\/m.euclid.int\/fr\/wp-json\/wp\/v2\/pages"}],"about":[{"href":"https:\/\/m.euclid.int\/fr\/wp-json\/wp\/v2\/types\/page"}],"author":[{"embeddable":true,"href":"https:\/\/m.euclid.int\/fr\/wp-json\/wp\/v2\/users\/1"}],"replies":[{"embeddable":true,"href":"https:\/\/m.euclid.int\/fr\/wp-json\/wp\/v2\/comments?post=55798"}],"version-history":[{"count":1,"href":"https:\/\/m.euclid.int\/fr\/wp-json\/wp\/v2\/pages\/55798\/revisions"}],"predecessor-version":[{"id":57661,"href":"https:\/\/m.euclid.int\/fr\/wp-json\/wp\/v2\/pages\/55798\/revisions\/57661"}],"wp:attachment":[{"href":"https:\/\/m.euclid.int\/fr\/wp-json\/wp\/v2\/media?parent=55798"}],"curies":[{"name":"wp","href":"https:\/\/api.w.org\/{rel}","templated":true}]}}